{"id":39,"date":"2026-03-01T10:19:46","date_gmt":"2026-03-01T13:19:46","guid":{"rendered":"https:\/\/rifas.cplay.com.br\/demo01\/?page_id=39"},"modified":"2026-03-01T20:24:30","modified_gmt":"2026-03-01T23:24:30","slug":"smartphone-futurista-modelo-novax-pro-2026-ficticio","status":"publish","type":"page","link":"https:\/\/rifas.cplay.com.br\/demo01\/","title":{"rendered":"Smartphone Futurista Modelo \u201cNovaX Pro 2026\u201d (Fict\u00edcio)"},"content":{"rendered":"<table class=\"table table-striped\">\n<tbody>\n<tr>\n<td>\r\n\r\n         <input type=\"hidden\" id=\"idDoProdutoInput\" value=\"17\" \/>\r\n         <input type=\"hidden\" id=\"tipo_de_cota\" value=\"Cota quadrada\" \/>\r\n         <input type=\"hidden\" id=\"numeros_unicos\" value=\"unico\" \/>\r\n         <input type=\"hidden\" id=\"exibir_cota_zero\" value=\"Sim\" \/>\r\n\r\n         \r\n\r\n         <style>\r\n\r\n             .cotas-disponiveis .form-check{\r\n               border: 1px solid #8224e3 !important;\r\n             }\r\n\r\n             .cotas-disponiveis .form-check input:checked + label{\r\n               background: #1e73be !important;\r\n               border: 1px solid #1e73be;\r\n             }\r\n             \r\n             #modalRifa .coluna-1 span{\r\n               background: #1e73be !important;\r\n             }\r\n\r\n             #modalRifa .coluna-2 h3 a{\r\n               color:   !important;\r\n               background: #81d742 !important;\r\n           }\r\n\r\n             \/*.pcss3t > input:checked + label{\r\n                 border-bottom: 2px solid #8224e3 !important;\r\n           }*\/\r\n\r\n           \r\n\r\n            \r\n\r\n     \/* CSS MODELO 6 *\/\r\n     .cotas-disponiveis-modelo-4 .pcss3t > label {\r\n         padding-left: 20px;\r\n         margin-right: 26px;\r\n         width: 175px;\r\n         background: #f2f2f2;\r\n         border-radius: 15px;\r\n         color: #000;\r\n         text-align: center;\r\n         opacity: 1;\r\n         border-bottom: unset;\r\n     }\r\n\r\n     .cotas-disponiveis-modelo-4 .pcss3t > input:checked + label {\r\n         \/*border-bottom: 0px solid !important;*\/\r\n     }\r\n\r\n     .cotas-disponiveis .form-check label{\r\n       font-size:11px;\r\n     }\r\n\r\n     .cotas-disponiveis-modelo-4.cotas-disponiveis .form-check{\r\n          border: 1px solid !important;\r\n          border-radius: 100% !important;\r\n          height: 38px !important;\r\n          width: 59px !important;\r\n          padding-top: 2px;\r\n          font-weight: normal !important;\r\n          border-radius: 5px !important;\r\n          padding: 0px !important;\r\n     }\r\n\r\n     .cotas-disponiveis .form-check label {\r\n      background: #fff;\r\n      \/* height: 48px; *\/\r\n      display: block;\r\n      width: 100%;\r\n      padding: 0;\r\n      padding-top: 8px;\r\n      font-size: 11px;\r\n      cursor: pointer !important;\r\n  }\r\n\r\n\r\n\r\n     @media(max-width: 540px){\r\n       .cotas-disponiveis-modelo-4.cotas-disponiveis li.tab-content{\r\n         text-align: center;\r\n       }\r\n       .cotas-disponiveis-modelo-4.cotas-disponiveis .form-check{\r\n         display: inline-block;\r\n         float: none;\r\n       }\r\n       .cotas-disponiveis-modelo-4 .pcss3t > label{\r\n         width: 100%;\r\n       }\r\n     }\r\n     .cotas-disponiveis-modelo-4.cotas-disponiveis .form-check label{\r\n         border-radius: 5px !important;\r\n     }\r\n\r\n     .cotas-disponiveis-modelo-4.cotas-disponiveis .form-check input:checked + label {\r\n         height: 36px !important;\r\n        width: 57px !important;\r\n        border: 1px solid #dd9933 !important;\r\n        border-radius: 5px !important;\r\n     }\r\n\r\n     .label-aba-todas,\r\n     .label-aba-todas:hover,\r\n     .cotas-disponiveis-modelo-4 .pcss3t > input:checked + label.label-aba-todas{\r\n       background: #dddfde !important;\r\n       border:1px solid #000000 !important;\r\n       color: #000000 !important;\r\n     }\r\n\r\n     .label-aba-participantes,\r\n     .label-aba-participantes:hover{\r\n       background: #dddfde !important;\r\n       border:1px solid #000000 !important;\r\n       border-bottom:1px solid #000000 !important;\r\n       color: #000000 !important;\r\n     }\r\n\r\n     .label-aba-livres,\r\n     .label-aba-livres:hover,\r\n     .cotas-disponiveis-modelo-4 .pcss3t > input:checked + label.label-aba-livres{\r\n       background: #ffffff !important;\r\n       border:1px solid #000000 !important;\r\n       color: #000000 !important;\r\n     }\r\n\r\n     .label-aba-reservadas,\r\n     .label-aba-reservadas:hover,\r\n     .cotas-disponiveis-modelo-4 .pcss3t > input:checked + label.label-aba-reservadas{\r\n       background: #c6c320 !important;\r\n       border:1px solid #000000 !important;\r\n       color: #000000 !important;\r\n     }\r\n     .modelo-4-reservada{\r\n       background: #c6c320;\r\n       border: 1px solid #000000 !important;\r\n       color:#000000;\r\n     }\r\n     .modelo-4-reservada label{\r\n       background: #c6c320 !important; \r\n       color:#000000 !important;\r\n     }\r\n\r\n     .label-aba-pagas,\r\n     .label-aba-pagas:hover,\r\n     .cotas-disponiveis-modelo-4 .pcss3t > input:checked + label.label-aba-pagas{\r\n       background: #48b82f !important;\r\n       border:1px solid #000000 !important;\r\n       color: #000000 !important;\r\n     }\r\n     .modelo-4-comprada{\r\n       background: #48b82f;\r\n       border: 1px solid #000000 !important;\r\n       color: #000000;\r\n     }\r\n     .modelo-4-comprada label{\r\n       background: #48b82f !important; \r\n       color: #000000 !important;\r\n     }\r\n\r\n  \r\n\r\n          <\/style>\r\n\r\n          \r\n\r\n         <div class=\"cotas-disponiveis cotas-disponiveis-modelo-4 cotas-disponiveis-modelo-6\" id=\"cotasDisponiveisSelector\">\r\n\r\n                <!--\r\n                <div id=\"pFprogresso\" style=\"position:absolute;display:block;width:100%;height:100%;background:rgba(255,255,255,0.85);padding-top:30px;text-align:center;z-index:999;color:#000 !important;\"><d>Carregando n\u00fameros<\/d> <span><\/span>\r\n                                  <div class=\"barra-progresso-carregamento\" style=\"position:relative;display:block;width:200px;height:11px;background:#f2f2f2;margin-left: auto;margin-right: auto;margin-top: 12px;border-radius: 14px;\">\r\n                                   <div class=\"thumb-barra\" style=\"height:100%;position:relative;display:block;background:#62C75D;width:0;border-radius: 14px;\"><\/div>\r\n                                  <\/div>\r\n                 <\/div> \r\n                 -->\r\n\r\n                <!-- ABAS -->\r\n                <div class=\"page-tabs\">\r\n                   <div class=\"pcss3t pcss3t-height-auto\">\r\n                        \r\n                          <input type=\"radio\" name=\"pcss3t\" checked id=\"tabTodos\" class=\"tab-content-first\">\r\n                          <label class=\"label-aba-todas\" for=\"tabTodos\">TODAS (<span id=\"totalTodos\">0<\/span>)<\/label>\r\n\r\n                          <input type=\"radio\" name=\"pcss3t\" id=\"tab1\" class=\"tab-content-1\">\r\n                          <label class=\"label-aba-livres\" for=\"tab1\">LIVRES (<span id=\"totalL\">0<\/span>)<\/label>\r\n                                                                               \r\n                          <input type=\"radio\" name=\"pcss3t\" id=\"tab2\" class=\"tab-content-2\">\r\n                          <label class=\"label-aba-reservadas\" for=\"tab2\">RESERVADAS (<span id=\"totalR\">0<\/span>)<\/label>\r\n\r\n                          <input type=\"radio\" name=\"pcss3t\" id=\"tab3\" class=\"tab-content-3\">\r\n                          <label class=\"label-aba-pagas\" for=\"tab3\">PAGAS (<span id=\"totalC\">0<\/span>)<\/label>\r\n\r\n                         <!-- <input type=\"radio\" name=\"pcss3t\" id=\"tab4\" class=\"tab-content-4\">\r\n                          <label class=\"label-aba-participantes\" for=\"tab4\">CONSULTAR N\u00ba<\/label> -->\r\n\r\n                        <ul style=\"padding-left:0px;margin-left:0px;\">\r\n                                                                                    \r\n                          <!-- ABA ZERO -->\r\n                          <li class=\"tab-content aba-modelo4 aba-modelo4-0 tab-content-first\" style=\"padding-left:0px !important;padding-right:0px !important;\" id=\"iteneRifaAba0\">\r\n                          <\/li>\r\n                          <!-- ABA ZERO -->\r\n\r\n                          <!-- ABA UM -->\r\n                          <li class=\"tab-content aba-modelo4 aba-modelo4-1 tab-content-1\" style=\"padding-left:0px !important;padding-right:0px !important;\" id=\"iteneRifaAba1\">\r\n                          <\/li>\r\n                          <!-- ABA UM -->\r\n\r\n                          <!-- ABA DOIS -->\r\n                          <li class=\"tab-content aba-modelo4 aba-modelo4-2 tab-content-2\" style=\"padding-left:0px !important;padding-right:0px !important;\" id=\"iteneRifaAba2\">\r\n                          <\/li>\r\n                          <!-- ABA DOIS -->\r\n\r\n                          <!-- ABA TRES -->\r\n                          <li class=\"tab-content aba-modelo4 aba-modelo4-3 tab-content-3\" style=\"padding-left:0px !important;padding-right:0px !important;\"  id=\"iteneRifaAba3\">\r\n                          <\/li>\r\n                          <!-- ABA TRES -->\r\n\r\n                          <!-- ABA QUATRO (DESABILITADO)\r\n                          <li class=\"tab-content aba-modelo4 aba-modelo4-4 tab-content-4 aba-consulta-de-numeros\" style=\"padding-left:0px !important;padding-right:0px !important;\"  id=\"iteneRifaAba4\">\r\n                               do_shortcode(\"[buscar_reservas]\")\r\n                          <\/li>\r\n                          ABA QUATRO -->\r\n\r\n                        <\/ul>\r\n\r\n                        <p style=\"text-align:center;display:block;\">\r\n                            <a href=\"javascript:void(0)\" class=\"btn-carregar-mais-numeros\" onclick=\"imprimirNumerosModelo5()\">\r\n                                Carregar mais n\u00fameros\r\n                            <\/a>\r\n                        <\/p>\r\n\r\n                   <\/div>\r\n                 <\/div>\r\n                 <!-- ABAS -->\r\n           <\/div>\r\n\r\n\r\n           <script type=\"text\/javascript\">\r\n\r\n                console.log(\"Carregando rifa modelo 6....\");\r\n\r\n                var totalTotals = 0;\r\n                var totalL = 0;\r\n                var totalR = 0;\r\n                var totalC = 0;\r\n                var totalP = 0;\r\n                var calcs  = 0;\r\n                \r\n                var impressosPagina = 0;\r\n\r\n                ;(function ( $, window, document, undefined ) {\r\n\r\n                     var ajaxurl = \"https:\/\/rifas.cplay.com.br\/demo01\/wp-json\/pluginrifa\/v2\/infos\/?rifa=17\";\r\n \r\n                     let xhr = new XMLHttpRequest();\r\n                      \r\n                     xhr.open(\"GET\", ajaxurl,true);\r\n                     xhr.setRequestHeader(\"Content-type\", \"application\/x-www-form-urlencoded\");\r\n\r\n                     var params = \"action=exibir_cotas_ajax_v2&id=17\";\r\n                     \r\n                     \/\/ INICIO AJAX VANILLA\r\n                     xhr.onreadystatechange = () => {\r\n\r\n                       if(xhr.readyState == 4) {\r\n\r\n                                    if(xhr.status == 200) {\r\n\r\n                                        \/\/console.log(JSON.parse(xhr.responseText));\r\n                                        console.log(\"Acesso feito com sucesso, esses s\u00e3o os n\u00fameros e dados:\");\r\n                                        var dados = JSON.parse(xhr.responseText);\r\n                                        console.log(dados);\r\n\r\n                                        var totalPagas = 0;\r\n                                        var totalReservas = 0;\r\n\r\n                                        localStorage.setItem(\"cotasModelo\", JSON.stringify(dados));\r\n\r\n                                        \/\/console.log(\"%c TOTAL COTAS: \"+dados.cotas,\"background:#fff000;color:#000;\");\r\n                                        \/\/console.log(\"%c TOTAL LIVRES: \"+dados.livres.length,\"background:#fff000;color:#000;\");\r\n                                        \/\/console.log(\"%c TOTAL PARTICIPANTES: \"+dados.participantes.length,\"background:#fff000;color:#000;\");\r\n                                        \/\/console.log(\"%c TOTAL RESERVAS: \"+dados.reservas.length,\"background:#fff000;color:#000;\");\r\n\r\n                                        \/\/ CONTAR AS PAGAS, E AS AGUARDANDO PAGAMENTO\r\n                                       \r\n                                          try {\r\n                                                for(let i =0;i<dados.participantes.length;i++){\r\n\r\n                                                  if(dados.participantes[i].cotas!=\"\"&&dados.participantes[i].cotas!=null&&dados.participantes[i].cotas!=undefined){\r\n                                                    var cotasPagas = dados.participantes[i].cotas.split(\",\");\r\n                                                  }else{\r\n                                                    var cotasPagas = [];\r\n                                                  }\r\n                                                  \r\n                                                  \/\/console.log(cotasPagas);\r\n                                                  \r\n                                                  if(dados.participantes[i].status == \"processing\" || dados.participantes[i].status == \"completed\"){\r\n                                                    \r\n                                                    totalPagas = totalPagas + cotasPagas.length -1;\r\n                                                  }\r\n\r\n                                                  if(dados.participantes[i].status == \"on-hold\" || dados.participantes[i].status == \"pending\"  || dados.participantes[i].status == \"rifa-presencial\"){\r\n                                                    totalReservas = totalReservas + cotasPagas.length -1;\r\n                                                }\r\n\r\n                                                \/\/ ALIMENTAR OS CONTADORES DAS ABAS\r\n                                                jQuery(\"#totalTodos\").html(dados.cotas); \/\/ TODAS\r\n                                                jQuery(\"#totalL\").html(dados.livres.length); \/\/ LIVRES\r\n                                                jQuery(\"#totalR\").html(totalReservas); \/\/ RESERVADAS\r\n                                                \r\n\r\n                                                 jQuery(\"#totalC\").html(totalPagas); \/\/ PAGAS\r\n                                                \r\n                                                \/\/jQuery(\"#totalC\").html(jQuery(\".modelo-4-comprada.conteme3\").length);  \/\/ PAGAS\r\n\r\n                                                setTimeout(function(){ \r\n                                                  \r\n                                                  if(dados.cotas<=jQuery(\".modelo-4-comprada.conteme3\").length){\r\n                                                    jQuery(\"#totalC\").html(jQuery(\".modelo-4-comprada.conteme3\").length); \r\n                                                  }\r\n\r\n                                                }, 6000);\r\n\r\n\r\n                                              \r\n                                              }\/\/ FINAL FOR\r\n\r\n                                              console.log(\"%c TOTAL NUM PAGAS: \"+totalPagas,\"background:#fff000;color:#000;\");\r\n                                              console.log(\"%c TOTAL NUM RESERVAS: \"+totalReservas,\"background:#fff000;color:#000;\");\r\n\r\n                                              jQuery(\"#totalTodos\").html(dados.cotas); \/\/ TODAS\r\n                                              jQuery(\"#totalL\").html(dados.livres.length); \/\/ LIVRES\r\n                                              \r\n                                       }\r\n                                       catch (e) {\r\n                                          \r\n                                            \/\/ ALIMENTAR OS CONTADORES DAS ABAS\r\n                                            jQuery(\"#totalTodos\").html(dados.cotas); \/\/ TODAS\r\n                                            jQuery(\"#totalL\").html(dados.livres.length); \/\/ LIVRES\r\n                                            jQuery(\"#totalR\").html(0); \/\/ RESERVADAS\r\n                                            jQuery(\"#totalC\").html(0); \/\/ PAGAS\r\n                                        \r\n                                       }\r\n                                           \r\n                                                      \r\n                                                  \r\n                                      \r\n                                      \r\n                                       \r\n\r\n                                        \r\n                                        \r\n\r\n                                        \/\/ IMPRIMIR OS N\u00daMEROS\r\n                                        var htmlCotasInicio = \"\";\r\n                                        let pFprogresso = 0;\r\n\r\n                                        \/\/ FAZER A PRIMEIRA IMPRESS\u00c2O\r\n                                        imprimirNumerosModelo5();\r\n\r\n                                        let htmlTodos = \"\"\r\n                                        let html1 = \"\";\r\n                                        let html2 = \"\";\r\n                                        let html3 = \"\";\r\n                                        let html4 = \"\";\r\n\r\n                                       \r\n\r\n                                  }else{\r\n                                      console.log(\"Erro ao carregar os n\u00fameros\");\r\n                                  }\r\n                                                      \r\n                       }\r\n\r\n                   }; \/\/ FINAL AJAX VANILLA\r\n\r\n                   \/* EXECUTA *\/\r\n                   xhr.send();\r\n\r\n               })( jQuery, window, document );\r\n\r\n  <\/script>\r\n\r\n\r\n<\/td>\n<\/tr>\n<\/tbody>\n<\/table>\n","protected":false},"excerpt":{"rendered":"","protected":false},"author":1,"featured_media":0,"parent":0,"menu_order":0,"comment_status":"closed","ping_status":"closed","template":"..\/templates\/rifa-pages.php","meta":{"_acf_changed":false,"footnotes":""},"class_list":["post-39","page","type-page","status-publish","hentry"],"blocksy_meta":[],"acf":[],"yoast_head":"<!-- This site is optimized with the Yoast SEO plugin v27.0 - https:\/\/yoast.com\/product\/yoast-seo-wordpress\/ -->\n<title>Smartphone Futurista Modelo \u201cNovaX Pro 2026\u201d (Fict\u00edcio) - Rifa de Demonstra\u00e7\u00e3o<\/title>\n<meta name=\"robots\" content=\"index, follow, max-snippet:-1, max-image-preview:large, max-video-preview:-1\" \/>\n<link rel=\"canonical\" href=\"https:\/\/rifas.cplay.com.br\/demo01\/\" \/>\n<meta property=\"og:locale\" content=\"pt_BR\" \/>\n<meta property=\"og:type\" content=\"article\" \/>\n<meta property=\"og:title\" content=\"Smartphone Futurista Modelo \u201cNovaX Pro 2026\u201d (Fict\u00edcio) - Rifa de Demonstra\u00e7\u00e3o\" \/>\n<meta property=\"og:url\" content=\"https:\/\/rifas.cplay.com.br\/demo01\/\" \/>\n<meta property=\"og:site_name\" content=\"Rifa de Demonstra\u00e7\u00e3o\" \/>\n<meta property=\"article:modified_time\" content=\"2026-03-01T23:24:30+00:00\" \/>\n<meta name=\"twitter:card\" content=\"summary_large_image\" \/>\n<meta name=\"twitter:label1\" content=\"Est. tempo de leitura\" \/>\n\t<meta name=\"twitter:data1\" content=\"1 minuto\" \/>\n<script type=\"application\/ld+json\" class=\"yoast-schema-graph\">{\"@context\":\"https:\/\/schema.org\",\"@graph\":[{\"@type\":\"WebPage\",\"@id\":\"https:\/\/rifas.cplay.com.br\/demo01\/\",\"url\":\"https:\/\/rifas.cplay.com.br\/demo01\/\",\"name\":\"Smartphone Futurista Modelo \u201cNovaX Pro 2026\u201d (Fict\u00edcio) - Rifa de Demonstra\u00e7\u00e3o\",\"isPartOf\":{\"@id\":\"https:\/\/rifas.cplay.com.br\/demo01\/#website\"},\"datePublished\":\"2026-03-01T13:19:46+00:00\",\"dateModified\":\"2026-03-01T23:24:30+00:00\",\"breadcrumb\":{\"@id\":\"https:\/\/rifas.cplay.com.br\/demo01\/#breadcrumb\"},\"inLanguage\":\"pt-BR\",\"potentialAction\":[{\"@type\":\"ReadAction\",\"target\":[\"https:\/\/rifas.cplay.com.br\/demo01\/\"]}]},{\"@type\":\"BreadcrumbList\",\"@id\":\"https:\/\/rifas.cplay.com.br\/demo01\/#breadcrumb\",\"itemListElement\":[{\"@type\":\"ListItem\",\"position\":1,\"name\":\"In\u00edcio\",\"item\":\"https:\/\/rifas.cplay.com.br\/demo01\/\"},{\"@type\":\"ListItem\",\"position\":2,\"name\":\"Smartphone Futurista Modelo \u201cNovaX Pro 2026\u201d (Fict\u00edcio)\"}]},{\"@type\":\"WebSite\",\"@id\":\"https:\/\/rifas.cplay.com.br\/demo01\/#website\",\"url\":\"https:\/\/rifas.cplay.com.br\/demo01\/\",\"name\":\"Rifa de Demonstra\u00e7\u00e3o\",\"description\":\"\",\"publisher\":{\"@id\":\"https:\/\/rifas.cplay.com.br\/demo01\/#organization\"},\"potentialAction\":[{\"@type\":\"SearchAction\",\"target\":{\"@type\":\"EntryPoint\",\"urlTemplate\":\"https:\/\/rifas.cplay.com.br\/demo01\/?s={search_term_string}\"},\"query-input\":{\"@type\":\"PropertyValueSpecification\",\"valueRequired\":true,\"valueName\":\"search_term_string\"}}],\"inLanguage\":\"pt-BR\"},{\"@type\":\"Organization\",\"@id\":\"https:\/\/rifas.cplay.com.br\/demo01\/#organization\",\"name\":\"Rifa de Demonstra\u00e7\u00e3o\",\"url\":\"https:\/\/rifas.cplay.com.br\/demo01\/\",\"logo\":{\"@type\":\"ImageObject\",\"inLanguage\":\"pt-BR\",\"@id\":\"https:\/\/rifas.cplay.com.br\/demo01\/#\/schema\/logo\/image\/\",\"url\":\"https:\/\/rifas.cplay.com.br\/demo01\/wp-content\/uploads\/sites\/13\/2026\/03\/cplayrifas_black_demo.png\",\"contentUrl\":\"https:\/\/rifas.cplay.com.br\/demo01\/wp-content\/uploads\/sites\/13\/2026\/03\/cplayrifas_black_demo.png\",\"width\":310,\"height\":84,\"caption\":\"Rifa de Demonstra\u00e7\u00e3o\"},\"image\":{\"@id\":\"https:\/\/rifas.cplay.com.br\/demo01\/#\/schema\/logo\/image\/\"}}]}<\/script>\n<!-- \/ Yoast SEO plugin. -->","yoast_head_json":{"title":"Smartphone Futurista Modelo \u201cNovaX Pro 2026\u201d (Fict\u00edcio) - Rifa de Demonstra\u00e7\u00e3o","robots":{"index":"index","follow":"follow","max-snippet":"max-snippet:-1","max-image-preview":"max-image-preview:large","max-video-preview":"max-video-preview:-1"},"canonical":"https:\/\/rifas.cplay.com.br\/demo01\/","og_locale":"pt_BR","og_type":"article","og_title":"Smartphone Futurista Modelo \u201cNovaX Pro 2026\u201d (Fict\u00edcio) - Rifa de Demonstra\u00e7\u00e3o","og_url":"https:\/\/rifas.cplay.com.br\/demo01\/","og_site_name":"Rifa de Demonstra\u00e7\u00e3o","article_modified_time":"2026-03-01T23:24:30+00:00","twitter_card":"summary_large_image","twitter_misc":{"Est. tempo de leitura":"1 minuto"},"schema":{"@context":"https:\/\/schema.org","@graph":[{"@type":"WebPage","@id":"https:\/\/rifas.cplay.com.br\/demo01\/","url":"https:\/\/rifas.cplay.com.br\/demo01\/","name":"Smartphone Futurista Modelo \u201cNovaX Pro 2026\u201d (Fict\u00edcio) - Rifa de Demonstra\u00e7\u00e3o","isPartOf":{"@id":"https:\/\/rifas.cplay.com.br\/demo01\/#website"},"datePublished":"2026-03-01T13:19:46+00:00","dateModified":"2026-03-01T23:24:30+00:00","breadcrumb":{"@id":"https:\/\/rifas.cplay.com.br\/demo01\/#breadcrumb"},"inLanguage":"pt-BR","potentialAction":[{"@type":"ReadAction","target":["https:\/\/rifas.cplay.com.br\/demo01\/"]}]},{"@type":"BreadcrumbList","@id":"https:\/\/rifas.cplay.com.br\/demo01\/#breadcrumb","itemListElement":[{"@type":"ListItem","position":1,"name":"In\u00edcio","item":"https:\/\/rifas.cplay.com.br\/demo01\/"},{"@type":"ListItem","position":2,"name":"Smartphone Futurista Modelo \u201cNovaX Pro 2026\u201d (Fict\u00edcio)"}]},{"@type":"WebSite","@id":"https:\/\/rifas.cplay.com.br\/demo01\/#website","url":"https:\/\/rifas.cplay.com.br\/demo01\/","name":"Rifa de Demonstra\u00e7\u00e3o","description":"","publisher":{"@id":"https:\/\/rifas.cplay.com.br\/demo01\/#organization"},"potentialAction":[{"@type":"SearchAction","target":{"@type":"EntryPoint","urlTemplate":"https:\/\/rifas.cplay.com.br\/demo01\/?s={search_term_string}"},"query-input":{"@type":"PropertyValueSpecification","valueRequired":true,"valueName":"search_term_string"}}],"inLanguage":"pt-BR"},{"@type":"Organization","@id":"https:\/\/rifas.cplay.com.br\/demo01\/#organization","name":"Rifa de Demonstra\u00e7\u00e3o","url":"https:\/\/rifas.cplay.com.br\/demo01\/","logo":{"@type":"ImageObject","inLanguage":"pt-BR","@id":"https:\/\/rifas.cplay.com.br\/demo01\/#\/schema\/logo\/image\/","url":"https:\/\/rifas.cplay.com.br\/demo01\/wp-content\/uploads\/sites\/13\/2026\/03\/cplayrifas_black_demo.png","contentUrl":"https:\/\/rifas.cplay.com.br\/demo01\/wp-content\/uploads\/sites\/13\/2026\/03\/cplayrifas_black_demo.png","width":310,"height":84,"caption":"Rifa de Demonstra\u00e7\u00e3o"},"image":{"@id":"https:\/\/rifas.cplay.com.br\/demo01\/#\/schema\/logo\/image\/"}}]}},"_links":{"self":[{"href":"https:\/\/rifas.cplay.com.br\/demo01\/wp-json\/wp\/v2\/pages\/39","targetHints":{"allow":["GET"]}}],"collection":[{"href":"https:\/\/rifas.cplay.com.br\/demo01\/wp-json\/wp\/v2\/pages"}],"about":[{"href":"https:\/\/rifas.cplay.com.br\/demo01\/wp-json\/wp\/v2\/types\/page"}],"author":[{"embeddable":true,"href":"https:\/\/rifas.cplay.com.br\/demo01\/wp-json\/wp\/v2\/users\/1"}],"replies":[{"embeddable":true,"href":"https:\/\/rifas.cplay.com.br\/demo01\/wp-json\/wp\/v2\/comments?post=39"}],"version-history":[{"count":22,"href":"https:\/\/rifas.cplay.com.br\/demo01\/wp-json\/wp\/v2\/pages\/39\/revisions"}],"predecessor-version":[{"id":66,"href":"https:\/\/rifas.cplay.com.br\/demo01\/wp-json\/wp\/v2\/pages\/39\/revisions\/66"}],"wp:attachment":[{"href":"https:\/\/rifas.cplay.com.br\/demo01\/wp-json\/wp\/v2\/media?parent=39"}],"curies":[{"name":"wp","href":"https:\/\/api.w.org\/{rel}","templated":true}]}}